{"id":12093,"date":"2015-10-16T04:21:43","date_gmt":"2015-10-16T04:21:43","guid":{"rendered":"https:\/\/www.caazoresrentacar.com\/contactos\/"},"modified":"2023-06-16T14:19:06","modified_gmt":"2023-06-16T14:19:06","slug":"contacts","status":"publish","type":"page","link":"https:\/\/www.caazoresrentacar.com\/en\/contacts\/","title":{"rendered":"Contacts"},"content":{"rendered":"<section class=\"wpb-content-wrapper\"><p>[vc_row][vc_column][rentit_conatainer]\n\t<div class=\"row\">\n    <div class=\"col-md-4\">\n        <div class=\"contact-info\">\n\n            <h2 class=\"block-title\"><span>CONTACT DATA<\/span><\/h2>\n\n            <div class=\"media-list\">\n                    <div class=\"media\">\n                    <i class=\"pull-left fas fa-map-marker-alt\"><\/i>\n                <div class=\"media-body\">\n            <strong>Address<\/strong><\/p>\n<p>Rua Eng. Eug\u00e9nio Ata\u00edde C\u00e2mara,<br \/>\nWarehouse 25, 9500-681<br \/>\nZona Industrial Valados<br \/>\nPonta Delgada        <\/div>\n    <\/div>\n\n    <!-- \/PAGE -->\n        <div class=\"media\">\n                    <i class=\"pull-left fas fa-phone-alt\"><\/i>\n                <div class=\"media-body\">\n            <strong>Phone\/Cell phone<\/strong><\/p>\n<p>Phone: 296 010 494<br \/>\nCell phone: 926752565        <\/div>\n    <\/div>\n\n    <!-- \/PAGE -->\n        <div class=\"media\">\n                    <i class=\"pull-left far fa-envelope\"><\/i>\n                <div class=\"media-body\">\n            <strong>Email<\/strong><\/p>\n<p>geral@caazoresrentacar.com        <\/div>\n    <\/div>\n\n    <!-- \/PAGE -->\n        <div class=\"media\">\n                    <i class=\"pull-left far fa-clock\"><\/i>\n                <div class=\"media-body\">\n            <strong>Opening Hours<\/strong><\/p>\n<p>Monday to Friday: 08:00h \/ 20:00h<br \/>\nSaturdays: 08:00h \/ 17:00h<br \/>\nSundays\/Holidays: Closed<\/p>\n<p>NOTE: Collection\/Delivery guaranteed on Sundays and Holidays, upon prior contact        <\/div>\n    <\/div>\n\n    <!-- \/PAGE -->\n    \n            <\/div>\n\n        <\/div>\n    <\/div>\n\n    <div class=\"col-md-8 text-left\">\n\n        <h2 class=\"block-title\"><span>CONTACT FORM<\/span><\/h2>\n\n        <!-- Contact form -->\n\n\n        \n<div class=\"wpcf7 no-js\" id=\"wpcf7-f12132-o1\" lang=\"en-US\" dir=\"ltr\">\n<div class=\"screen-reader-response\"><p role=\"status\" aria-live=\"polite\" aria-atomic=\"true\"><\/p> <ul><\/ul><\/div>\n<form action=\"\/en\/wp-json\/wp\/v2\/pages\/12093#wpcf7-f12132-o1\" method=\"post\" class=\"wpcf7-form init wpcf7-acceptance-as-validation\" aria-label=\"Contact form\" novalidate=\"novalidate\" data-status=\"init\">\n<div style=\"display: none;\">\n<input type=\"hidden\" name=\"_wpcf7\" value=\"12132\" \/>\n<input type=\"hidden\" name=\"_wpcf7_version\" value=\"5.7.6\" \/>\n<input type=\"hidden\" name=\"_wpcf7_locale\" value=\"en_US\" \/>\n<input type=\"hidden\" name=\"_wpcf7_unit_tag\" value=\"wpcf7-f12132-o1\" \/>\n<input type=\"hidden\" name=\"_wpcf7_container_post\" value=\"0\" \/>\n<input type=\"hidden\" name=\"_wpcf7_posted_data_hash\" value=\"\" \/>\n<input type=\"hidden\" name=\"_wpcf7_recaptcha_response\" value=\"\" \/>\n<\/div>\n<div class=\"outer required\">\n\t<div class=\"form-group af-inner\">\n\t\t<p><label class=\"sr-only\" for=\"name\">Name<\/label><br \/>\n<span class=\"wpcf7-form-control-wrap\" data-name=\"your-name\"><input size=\"40\" class=\"wpcf7-form-control wpcf7-text wpcf7-validates-as-required form-control placeholder\" aria-required=\"true\" aria-invalid=\"false\" placeholder=\"Name\" value=\"\" type=\"text\" name=\"your-name\" \/><\/span>\n\t\t<\/p>\n\t<\/div>\n<\/div>\n<div class=\"outer required\">\n\t<div class=\"form-group af-inner\">\n\t\t<p><label class=\"sr-only\" for=\"phone\">Phone<\/label><br \/>\n<span class=\"wpcf7-form-control-wrap\" data-name=\"your-phone\"><input size=\"40\" class=\"wpcf7-form-control wpcf7-text wpcf7-validates-as-required form-control placeholder\" aria-required=\"true\" aria-invalid=\"false\" placeholder=\"Phone\" value=\"\" type=\"text\" name=\"your-phone\" \/><\/span>\n\t\t<\/p>\n\t<\/div>\n<\/div>\n<div class=\"outer required\">\n\t<div class=\"form-group af-inner\">\n\t\t<p><label class=\"sr-only\" for=\"email\">Email<\/label>\n\t\t<\/p>\n\t\t<p><span class=\"wpcf7-form-control-wrap\" data-name=\"your-email\"><input size=\"40\" class=\"wpcf7-form-control wpcf7-text wpcf7-email wpcf7-validates-as-required wpcf7-validates-as-email form-control placeholder\" aria-required=\"true\" aria-invalid=\"false\" placeholder=\"Email\" value=\"\" type=\"email\" name=\"your-email\" \/><\/span>\n\t\t<\/p>\n\t<\/div>\n<\/div>\n<div class=\"outer required\">\n\t<div class=\"form-group af-inner\">\n\t\t<p><label class=\"sr-only\" for=\"input-message\">Message<\/label><br \/>\n<span class=\"wpcf7-form-control-wrap\" data-name=\"your-message\"><textarea cols=\"40\" rows=\"10\" class=\"wpcf7-form-control wpcf7-textarea wpcf7-validates-as-required form-control placeholder\" aria-required=\"true\" aria-invalid=\"false\" placeholder=\"Message\" name=\"your-message\"><\/textarea><\/span>\n\t\t<\/p>\n\t<\/div>\n<\/div>\n<div class=\"outer required\">\n\t<div class=\"form-group af-inner\">\n\t\t<p><span class=\"wpcf7-form-control-wrap\" data-name=\"your-acceptance-terms\"><span class=\"wpcf7-form-control wpcf7-acceptance\"><span class=\"wpcf7-list-item\"><label><input type=\"checkbox\" name=\"your-acceptance-terms\" value=\"1\" aria-invalid=\"false\" \/><span class=\"wpcf7-list-item-label\">By sending this message, I am accepting the <a target=\"_blank\" href=\"https:\/\/www.caazoresrentacar.com\/en\/terms-and-conditions\/\">Terms and Conditions<\/a> and the <a target=\"_blank\" href=\"https:\/\/www.caazoresrentacar.com\/en\/privacy-policy\/\">Privacy Policy<\/a><\/span><\/label><\/span><\/span><\/span>\n\t\t<\/p>\n\t<\/div>\n<\/div>\n<div class=\"outer required\">\n\t<div class=\"form-group af-inner\">\n\t\t<p><input class=\"wpcf7-form-control has-spinner wpcf7-submit form-button form-button-submit btn btn-theme btn-theme-dark\" type=\"submit\" value=\"Send Message\" \/>\n\t\t<\/p>\n\t<\/div>\n<\/div><div class=\"wpcf7-response-output\" aria-hidden=\"true\"><\/div>\n<\/form>\n<\/div>\n\n        <!-- \/Contact form -->\n\n    <\/div>\n    <!-- \/PAGE -->\n\n    <style>\n        #contact-form br{\n            display: none;\n        }\n\n    <\/style>\n    <script>\n\n\n        jQuery(document).ready(function () {\n\n            jQuery('.col-md-8 form').addClass(\"contact-form \").each(function(){jQuery('.col-md-8 form').attr(\"id\", \"contact-form\" );});\n\n\n        });\n\n    <\/script>\n    <\/div>\n\t[\/rentit_conatainer][rentit_conatainer][vc_gmaps link=&#8221;#E-8_JTNDaWZyYW1lJTIwc3JjJTNEJTIyaHR0cHMlM0ElMkYlMkZ3d3cuZ29vZ2xlLmNvbSUyRm1hcHMlMkZlbWJlZCUzRnBiJTNEJTIxMW0xNiUyMTFtMTIlMjExbTMlMjExZDMxNTQuNTQ3NTA5Mjk1NTA4JTIxMmQtMjUuNzA1NzQ3NzczNjEyNTA0JTIxM2QzNy43NTM3NTg0NjMzNjk0NiUyMTJtMyUyMTFmMCUyMTJmMCUyMTNmMCUyMTNtMiUyMTFpMTAyNCUyMTJpNzY4JTIxNGYxMy4xJTIxMm0xJTIxMXpVblZoSUVWdVp5N0N1aUJGZFdmRHFXNXBieUJCZEdIRHJXUmxJRVBEb20xaGNtRXNJRUZ5YldGNnc2bHRJREkxJTIxNWUwJTIxM20yJTIxMXNwdC1QVCUyMTJzcHQlMjE0djE2ODQyNTUyOTAwNDIlMjE1bTIlMjExc3B0LVBUJTIxMnNwdCUyNmxhbmd1YWdlJTNEZW4lMjIlMjB3aWR0aCUzRCUyMjYwMCUyMiUyMGhlaWdodCUzRCUyMjQ1MCUyMiUyMHN0eWxlJTNEJTIyYm9yZGVyJTNBMCUzQiUyMiUyMGFsbG93ZnVsbHNjcmVlbiUzRCUyMiUyMiUyMGxvYWRpbmclM0QlMjJsYXp5JTIyJTIwcmVmZXJyZXJwb2xpY3klM0QlMjJuby1yZWZlcnJlci13aGVuLWRvd25ncmFkZSUyMiUzRSUzQyUyRmlmcmFtZSUzRQ==&#8221; size=&#8221;400&#8243;][\/rentit_conatainer][\/vc_column][\/vc_row]<\/p>\n<\/section>","protected":false},"excerpt":{"rendered":"[vc_row][vc_column][rentit_conatainer] CONTACT DATA Address Rua Eng. Eug\u00e9nio Ata\u00edde C\u00e2mara, Warehouse 25, 9500-681 Zona Industrial Valados Ponta Delgada Phone\/Cell phone Phone: 296 010 494 Cell phone: 926752565 Email geral@caazoresrentacar.com Opening Hours Monday to Friday: 08:00h \/ 20:00h Saturdays: 08:00h \/ 17:00h Sundays\/Holidays: Closed NOTE: Collection\/Delivery guaranteed on Sundays and Holidays, upon prior contact CONTACT FORM Name [...]","protected":false},"author":1,"featured_media":0,"parent":0,"menu_order":0,"comment_status":"closed","ping_status":"closed","template":"template-fullwidth-breadcrumb.php","meta":[],"acf":[],"_links":{"self":[{"href":"https:\/\/www.caazoresrentacar.com\/en\/wp-json\/wp\/v2\/pages\/12093"}],"collection":[{"href":"https:\/\/www.caazoresrentacar.com\/en\/wp-json\/wp\/v2\/pages"}],"about":[{"href":"https:\/\/www.caazoresrentacar.com\/en\/wp-json\/wp\/v2\/types\/page"}],"author":[{"embeddable":true,"href":"https:\/\/www.caazoresrentacar.com\/en\/wp-json\/wp\/v2\/users\/1"}],"replies":[{"embeddable":true,"href":"https:\/\/www.caazoresrentacar.com\/en\/wp-json\/wp\/v2\/comments?post=12093"}],"version-history":[{"count":8,"href":"https:\/\/www.caazoresrentacar.com\/en\/wp-json\/wp\/v2\/pages\/12093\/revisions"}],"predecessor-version":[{"id":12406,"href":"https:\/\/www.caazoresrentacar.com\/en\/wp-json\/wp\/v2\/pages\/12093\/revisions\/12406"}],"wp:attachment":[{"href":"https:\/\/www.caazoresrentacar.com\/en\/wp-json\/wp\/v2\/media?parent=12093"}],"curies":[{"name":"wp","href":"https:\/\/api.w.org\/{rel}","templated":true}]}}